{"id":7966,"date":"2022-10-03T10:17:22","date_gmt":"2022-10-03T15:17:22","guid":{"rendered":"https:\/\/corfomento.co\/?page_id=7966"},"modified":"2025-09-30T14:58:24","modified_gmt":"2025-09-30T19:58:24","slug":"quiero-donar","status":"publish","type":"page","link":"https:\/\/corfomento.co\/en\/quiero-donar\/","title":{"rendered":"I want to donate"},"content":{"rendered":"<div data-elementor-type=\"wp-page\" data-elementor-id=\"7966\" class=\"elementor elementor-7966\">\n\t\t\t\t\t\t<section class=\"elementor-section elementor-top-section elementor-element elementor-element-2b65d63 elementor-section-boxed elementor-section-height-default elementor-section-height-default\" data-id=\"2b65d63\" data-element_type=\"section\">\n\t\t\t\t\t\t<div class=\"elementor-container elementor-column-gap-default\">\n\t\t\t\t\t<div class=\"elementor-column elementor-col-100 elementor-top-column elementor-element elementor-element-e420a89\" data-id=\"e420a89\" data-element_type=\"column\">\n\t\t\t<div class=\"elementor-widget-wrap elementor-element-populated\">\n\t\t\t\t\t\t<div class=\"elementor-element elementor-element-83a9621 elementor-widget elementor-widget-heading\" data-id=\"83a9621\" data-element_type=\"widget\" data-widget_type=\"heading.default\">\n\t\t\t\t\t<h1 class=\"elementor-heading-title elementor-size-xl\">\u00a1Quiero donar!<\/h1>\t\t\t\t<\/div>\n\t\t\t\t\t<\/div>\n\t\t<\/div>\n\t\t\t\t\t<\/div>\n\t\t<\/section>\n\t\t\t\t<section class=\"elementor-section elementor-top-section elementor-element elementor-element-4d60010 elementor-section-boxed elementor-section-height-default elementor-section-height-default\" data-id=\"4d60010\" data-element_type=\"section\">\n\t\t\t\t\t\t<div class=\"elementor-container elementor-column-gap-default\">\n\t\t\t\t\t<div class=\"elementor-column elementor-col-100 elementor-top-column elementor-element elementor-element-0497354\" data-id=\"0497354\" data-element_type=\"column\">\n\t\t\t<div class=\"elementor-widget-wrap elementor-element-populated\">\n\t\t\t\t\t\t<div class=\"elementor-element elementor-element-a468187 elementor-widget-divider--separator-type-pattern elementor-widget-divider--view-line elementor-widget elementor-widget-divider\" data-id=\"a468187\" data-element_type=\"widget\" data-widget_type=\"divider.default\">\n\t\t\t\t\t\t\t<div class=\"elementor-divider\" style=\"--divider-pattern-url: url(&quot;data:image\/svg+xml,%3Csvg xmlns=&#039;http:\/\/www.w3.org\/2000\/svg&#039; preserveAspectRatio=&#039;none&#039; overflow=&#039;visible&#039; height=&#039;100%&#039; viewBox=&#039;0 0 20 16&#039; fill=&#039;none&#039; stroke=&#039;black&#039; stroke-width=&#039;1&#039; stroke-linecap=&#039;square&#039; stroke-miterlimit=&#039;10&#039;%3E%3Cg transform=&#039;translate(-12.000000, 0)&#039;%3E%3Cpath d=&#039;M28,0L10,18&#039;\/%3E%3Cpath d=&#039;M18,0L0,18&#039;\/%3E%3Cpath d=&#039;M48,0L30,18&#039;\/%3E%3Cpath d=&#039;M38,0L20,18&#039;\/%3E%3C\/g%3E%3C\/svg%3E&quot;);\">\n\t\t\t<span class=\"elementor-divider-separator\">\n\t\t\t\t\t\t<\/span>\n\t\t<\/div>\n\t\t\t\t\t\t<\/div>\n\t\t\t\t\t<\/div>\n\t\t<\/div>\n\t\t\t\t\t<\/div>\n\t\t<\/section>\n\t\t\t\t<section class=\"elementor-section elementor-top-section elementor-element elementor-element-270bc2f elementor-section-boxed elementor-section-height-default elementor-section-height-default\" data-id=\"270bc2f\" data-element_type=\"section\">\n\t\t\t\t\t\t<div class=\"elementor-container elementor-column-gap-default\">\n\t\t\t\t\t<div class=\"elementor-column elementor-col-33 elementor-top-column elementor-element elementor-element-a7e32e7\" data-id=\"a7e32e7\" data-element_type=\"column\">\n\t\t\t<div class=\"elementor-widget-wrap elementor-element-populated\">\n\t\t\t\t\t\t<div class=\"elementor-element elementor-element-4dfe43c elementor-widget elementor-widget-image\" data-id=\"4dfe43c\" data-element_type=\"widget\" data-widget_type=\"image.default\">\n\t\t\t\t\t\t\t\t\t\t\t\t\t\t\t<img loading=\"lazy\" decoding=\"async\" width=\"300\" height=\"300\" src=\"https:\/\/i0.wp.com\/corfomento.co\/wp-content\/uploads\/2022\/10\/Cartelera-digital-1.png?fit=300%2C300&amp;ssl=1\" class=\"attachment-medium size-medium wp-image-7967\" alt=\"\" srcset=\"https:\/\/i0.wp.com\/corfomento.co\/wp-content\/uploads\/2022\/10\/Cartelera-digital-1.png?resize=12%2C12&amp;ssl=1 12w, https:\/\/i0.wp.com\/corfomento.co\/wp-content\/uploads\/2022\/10\/Cartelera-digital-1.png?resize=66%2C66&amp;ssl=1 66w, https:\/\/i0.wp.com\/corfomento.co\/wp-content\/uploads\/2022\/10\/Cartelera-digital-1.png?resize=150%2C150&amp;ssl=1 150w, https:\/\/i0.wp.com\/corfomento.co\/wp-content\/uploads\/2022\/10\/Cartelera-digital-1.png?resize=200%2C200&amp;ssl=1 200w, https:\/\/i0.wp.com\/corfomento.co\/wp-content\/uploads\/2022\/10\/Cartelera-digital-1.png?resize=300%2C300&amp;ssl=1 300w, https:\/\/i0.wp.com\/corfomento.co\/wp-content\/uploads\/2022\/10\/Cartelera-digital-1.png?resize=400%2C400&amp;ssl=1 400w, https:\/\/i0.wp.com\/corfomento.co\/wp-content\/uploads\/2022\/10\/Cartelera-digital-1.png?resize=600%2C600&amp;ssl=1 600w, https:\/\/i0.wp.com\/corfomento.co\/wp-content\/uploads\/2022\/10\/Cartelera-digital-1.png?resize=768%2C768&amp;ssl=1 768w, https:\/\/i0.wp.com\/corfomento.co\/wp-content\/uploads\/2022\/10\/Cartelera-digital-1.png?resize=800%2C800&amp;ssl=1 800w, https:\/\/i0.wp.com\/corfomento.co\/wp-content\/uploads\/2022\/10\/Cartelera-digital-1.png?resize=1024%2C1024&amp;ssl=1 1024w, https:\/\/i0.wp.com\/corfomento.co\/wp-content\/uploads\/2022\/10\/Cartelera-digital-1.png?fit=1080%2C1080&amp;ssl=1 1080w\" sizes=\"auto, (max-width: 300px) 100vw, 300px\" \/>\t\t\t\t\t\t\t\t\t\t\t\t\t\t\t<\/div>\n\t\t\t\t\t<\/div>\n\t\t<\/div>\n\t\t\t\t<div class=\"elementor-column elementor-col-33 elementor-top-column elementor-element elementor-element-3c3ccef\" data-id=\"3c3ccef\" data-element_type=\"column\">\n\t\t\t<div class=\"elementor-widget-wrap elementor-element-populated\">\n\t\t\t\t\t\t<div class=\"elementor-element elementor-element-8040111 elementor-widget elementor-widget-image\" data-id=\"8040111\" data-element_type=\"widget\" data-widget_type=\"image.default\">\n\t\t\t\t\t\t\t\t\t\t\t\t\t\t\t<img loading=\"lazy\" decoding=\"async\" width=\"300\" height=\"300\" src=\"https:\/\/i0.wp.com\/corfomento.co\/wp-content\/uploads\/2022\/10\/Cartelera-digital-3.png?fit=300%2C300&amp;ssl=1\" class=\"attachment-medium size-medium wp-image-7968\" alt=\"\" srcset=\"https:\/\/i0.wp.com\/corfomento.co\/wp-content\/uploads\/2022\/10\/Cartelera-digital-3.png?resize=12%2C12&amp;ssl=1 12w, https:\/\/i0.wp.com\/corfomento.co\/wp-content\/uploads\/2022\/10\/Cartelera-digital-3.png?resize=66%2C66&amp;ssl=1 66w, https:\/\/i0.wp.com\/corfomento.co\/wp-content\/uploads\/2022\/10\/Cartelera-digital-3.png?resize=150%2C150&amp;ssl=1 150w, https:\/\/i0.wp.com\/corfomento.co\/wp-content\/uploads\/2022\/10\/Cartelera-digital-3.png?resize=200%2C200&amp;ssl=1 200w, https:\/\/i0.wp.com\/corfomento.co\/wp-content\/uploads\/2022\/10\/Cartelera-digital-3.png?resize=300%2C300&amp;ssl=1 300w, https:\/\/i0.wp.com\/corfomento.co\/wp-content\/uploads\/2022\/10\/Cartelera-digital-3.png?resize=400%2C400&amp;ssl=1 400w, https:\/\/i0.wp.com\/corfomento.co\/wp-content\/uploads\/2022\/10\/Cartelera-digital-3.png?resize=600%2C600&amp;ssl=1 600w, https:\/\/i0.wp.com\/corfomento.co\/wp-content\/uploads\/2022\/10\/Cartelera-digital-3.png?resize=768%2C768&amp;ssl=1 768w, https:\/\/i0.wp.com\/corfomento.co\/wp-content\/uploads\/2022\/10\/Cartelera-digital-3.png?resize=800%2C800&amp;ssl=1 800w, https:\/\/i0.wp.com\/corfomento.co\/wp-content\/uploads\/2022\/10\/Cartelera-digital-3.png?resize=1024%2C1024&amp;ssl=1 1024w, https:\/\/i0.wp.com\/corfomento.co\/wp-content\/uploads\/2022\/10\/Cartelera-digital-3.png?fit=1080%2C1080&amp;ssl=1 1080w\" sizes=\"auto, (max-width: 300px) 100vw, 300px\" \/>\t\t\t\t\t\t\t\t\t\t\t\t\t\t\t<\/div>\n\t\t\t\t\t<\/div>\n\t\t<\/div>\n\t\t\t\t<div class=\"elementor-column elementor-col-33 elementor-top-column elementor-element elementor-element-1084153\" data-id=\"1084153\" data-element_type=\"column\">\n\t\t\t<div class=\"elementor-widget-wrap elementor-element-populated\">\n\t\t\t\t\t\t<div class=\"elementor-element elementor-element-e350f7e elementor-widget elementor-widget-image\" data-id=\"e350f7e\" data-element_type=\"widget\" data-widget_type=\"image.default\">\n\t\t\t\t\t\t\t\t\t\t\t\t\t\t\t<img loading=\"lazy\" decoding=\"async\" width=\"300\" height=\"300\" src=\"https:\/\/i0.wp.com\/corfomento.co\/wp-content\/uploads\/2022\/10\/Cartelera-digital-4.png?fit=300%2C300&amp;ssl=1\" class=\"attachment-medium size-medium wp-image-7970\" alt=\"\" srcset=\"https:\/\/i0.wp.com\/corfomento.co\/wp-content\/uploads\/2022\/10\/Cartelera-digital-4.png?resize=12%2C12&amp;ssl=1 12w, https:\/\/i0.wp.com\/corfomento.co\/wp-content\/uploads\/2022\/10\/Cartelera-digital-4.png?resize=66%2C66&amp;ssl=1 66w, https:\/\/i0.wp.com\/corfomento.co\/wp-content\/uploads\/2022\/10\/Cartelera-digital-4.png?resize=150%2C150&amp;ssl=1 150w, https:\/\/i0.wp.com\/corfomento.co\/wp-content\/uploads\/2022\/10\/Cartelera-digital-4.png?resize=200%2C200&amp;ssl=1 200w, https:\/\/i0.wp.com\/corfomento.co\/wp-content\/uploads\/2022\/10\/Cartelera-digital-4.png?resize=300%2C300&amp;ssl=1 300w, https:\/\/i0.wp.com\/corfomento.co\/wp-content\/uploads\/2022\/10\/Cartelera-digital-4.png?resize=400%2C400&amp;ssl=1 400w, https:\/\/i0.wp.com\/corfomento.co\/wp-content\/uploads\/2022\/10\/Cartelera-digital-4.png?resize=600%2C600&amp;ssl=1 600w, https:\/\/i0.wp.com\/corfomento.co\/wp-content\/uploads\/2022\/10\/Cartelera-digital-4.png?resize=768%2C768&amp;ssl=1 768w, https:\/\/i0.wp.com\/corfomento.co\/wp-content\/uploads\/2022\/10\/Cartelera-digital-4.png?resize=800%2C800&amp;ssl=1 800w, https:\/\/i0.wp.com\/corfomento.co\/wp-content\/uploads\/2022\/10\/Cartelera-digital-4.png?resize=1024%2C1024&amp;ssl=1 1024w, https:\/\/i0.wp.com\/corfomento.co\/wp-content\/uploads\/2022\/10\/Cartelera-digital-4.png?fit=1080%2C1080&amp;ssl=1 1080w\" sizes=\"auto, (max-width: 300px) 100vw, 300px\" \/>\t\t\t\t\t\t\t\t\t\t\t\t\t\t\t<\/div>\n\t\t\t\t\t<\/div>\n\t\t<\/div>\n\t\t\t\t\t<\/div>\n\t\t<\/section>\n\t\t\t\t<section class=\"elementor-section elementor-top-section elementor-element elementor-element-8f5dfaa elementor-section-boxed elementor-section-height-default elementor-section-height-default\" data-id=\"8f5dfaa\" data-element_type=\"section\">\n\t\t\t\t\t\t<div class=\"elementor-container elementor-column-gap-default\">\n\t\t\t\t\t<div class=\"elementor-column elementor-col-33 elementor-top-column elementor-element elementor-element-b35b2f4\" data-id=\"b35b2f4\" data-element_type=\"column\">\n\t\t\t<div class=\"elementor-widget-wrap elementor-element-populated\">\n\t\t\t\t\t\t<div class=\"elementor-element elementor-element-bce42a8 elementor-align-center elementor-widget elementor-widget-button\" data-id=\"bce42a8\" data-element_type=\"widget\" data-widget_type=\"button.default\">\n\t\t\t\t\t\t\t\t\t\t<a class=\"elementor-button elementor-button-link elementor-size-sm\" href=\"https:\/\/checkout.wompi.co\/l\/w3qaKp\">\n\t\t\t\t\t\t<span class=\"elementor-button-content-wrapper\">\n\t\t\t\t\t\t\t\t\t<span class=\"elementor-button-text\">Dona aqu\u00ed<\/span>\n\t\t\t\t\t<\/span>\n\t\t\t\t\t<\/a>\n\t\t\t\t\t\t\t\t<\/div>\n\t\t\t\t\t<\/div>\n\t\t<\/div>\n\t\t\t\t<div class=\"elementor-column elementor-col-33 elementor-top-column elementor-element elementor-element-5e39d54\" data-id=\"5e39d54\" data-element_type=\"column\">\n\t\t\t<div class=\"elementor-widget-wrap elementor-element-populated\">\n\t\t\t\t\t\t<div class=\"elementor-element elementor-element-e2d24bb elementor-align-center elementor-widget elementor-widget-button\" data-id=\"e2d24bb\" data-element_type=\"widget\" data-widget_type=\"button.default\">\n\t\t\t\t\t\t\t\t\t\t<a class=\"elementor-button elementor-button-link elementor-size-sm\" href=\"https:\/\/checkout.wompi.co\/l\/UmBhUi\">\n\t\t\t\t\t\t<span class=\"elementor-button-content-wrapper\">\n\t\t\t\t\t\t\t\t\t<span class=\"elementor-button-text\">Dona aqu\u00ed<\/span>\n\t\t\t\t\t<\/span>\n\t\t\t\t\t<\/a>\n\t\t\t\t\t\t\t\t<\/div>\n\t\t\t\t\t<\/div>\n\t\t<\/div>\n\t\t\t\t<div class=\"elementor-column elementor-col-33 elementor-top-column elementor-element elementor-element-5529713\" data-id=\"5529713\" data-element_type=\"column\">\n\t\t\t<div class=\"elementor-widget-wrap elementor-element-populated\">\n\t\t\t\t\t\t<div class=\"elementor-element elementor-element-8132b16 elementor-align-center elementor-widget elementor-widget-button\" data-id=\"8132b16\" data-element_type=\"widget\" data-widget_type=\"button.default\">\n\t\t\t\t\t\t\t\t\t\t<a class=\"elementor-button elementor-button-link elementor-size-sm\" href=\"https:\/\/checkout.wompi.co\/l\/g46ryq\">\n\t\t\t\t\t\t<span class=\"elementor-button-content-wrapper\">\n\t\t\t\t\t\t\t\t\t<span class=\"elementor-button-text\">Dona aqu\u00ed<\/span>\n\t\t\t\t\t<\/span>\n\t\t\t\t\t<\/a>\n\t\t\t\t\t\t\t\t<\/div>\n\t\t\t\t\t<\/div>\n\t\t<\/div>\n\t\t\t\t\t<\/div>\n\t\t<\/section>\n\t\t\t\t<section class=\"elementor-section elementor-top-section elementor-element elementor-element-ffbdec4 elementor-section-boxed elementor-section-height-default elementor-section-height-default\" data-id=\"ffbdec4\" data-element_type=\"section\">\n\t\t\t\t\t\t<div class=\"elementor-container elementor-column-gap-default\">\n\t\t\t\t\t<div class=\"elementor-column elementor-col-100 elementor-top-column elementor-element elementor-element-3fa4981\" data-id=\"3fa4981\" data-element_type=\"column\">\n\t\t\t<div class=\"elementor-widget-wrap elementor-element-populated\">\n\t\t\t\t\t\t<div class=\"elementor-element elementor-element-42267b0 elementor-widget-divider--separator-type-pattern elementor-widget-divider--view-line elementor-widget elementor-widget-divider\" data-id=\"42267b0\" data-element_type=\"widget\" data-widget_type=\"divider.default\">\n\t\t\t\t\t\t\t<div class=\"elementor-divider\" style=\"--divider-pattern-url: url(&quot;data:image\/svg+xml,%3Csvg xmlns=&#039;http:\/\/www.w3.org\/2000\/svg&#039; preserveAspectRatio=&#039;none&#039; overflow=&#039;visible&#039; height=&#039;100%&#039; viewBox=&#039;0 0 20 16&#039; fill=&#039;none&#039; stroke=&#039;black&#039; stroke-width=&#039;1&#039; stroke-linecap=&#039;square&#039; stroke-miterlimit=&#039;10&#039;%3E%3Cg transform=&#039;translate(-12.000000, 0)&#039;%3E%3Cpath d=&#039;M28,0L10,18&#039;\/%3E%3Cpath d=&#039;M18,0L0,18&#039;\/%3E%3Cpath d=&#039;M48,0L30,18&#039;\/%3E%3Cpath d=&#039;M38,0L20,18&#039;\/%3E%3C\/g%3E%3C\/svg%3E&quot;);\">\n\t\t\t<span class=\"elementor-divider-separator\">\n\t\t\t\t\t\t<\/span>\n\t\t<\/div>\n\t\t\t\t\t\t<\/div>\n\t\t\t\t\t<\/div>\n\t\t<\/div>\n\t\t\t\t\t<\/div>\n\t\t<\/section>\n\t\t\t\t<\/div>","protected":false},"excerpt":{"rendered":"<p>\u00a1Quiero donar! Dona aqu\u00ed Dona aqu\u00ed Dona aqu\u00ed<\/p>","protected":false},"author":3,"featured_media":0,"parent":0,"menu_order":0,"comment_status":"closed","ping_status":"closed","template":"","meta":{"nf_dc_page":"","footnotes":""},"class_list":["post-7966","page","type-page","status-publish","hentry"],"jetpack_sharing_enabled":true,"_links":{"self":[{"href":"https:\/\/corfomento.co\/en\/wp-json\/wp\/v2\/pages\/7966","targetHints":{"allow":["GET"]}}],"collection":[{"href":"https:\/\/corfomento.co\/en\/wp-json\/wp\/v2\/pages"}],"about":[{"href":"https:\/\/corfomento.co\/en\/wp-json\/wp\/v2\/types\/page"}],"author":[{"embeddable":true,"href":"https:\/\/corfomento.co\/en\/wp-json\/wp\/v2\/users\/3"}],"replies":[{"embeddable":true,"href":"https:\/\/corfomento.co\/en\/wp-json\/wp\/v2\/comments?post=7966"}],"version-history":[{"count":5,"href":"https:\/\/corfomento.co\/en\/wp-json\/wp\/v2\/pages\/7966\/revisions"}],"predecessor-version":[{"id":8910,"href":"https:\/\/corfomento.co\/en\/wp-json\/wp\/v2\/pages\/7966\/revisions\/8910"}],"wp:attachment":[{"href":"https:\/\/corfomento.co\/en\/wp-json\/wp\/v2\/media?parent=7966"}],"curies":[{"name":"wp","href":"https:\/\/api.w.org\/{rel}","templated":true}]}}